{"id":3599,"date":"2020-03-05T09:51:19","date_gmt":"2020-03-05T08:51:19","guid":{"rendered":"https:\/\/unirock.toggle.ch\/politique-de-confidentialite\/"},"modified":"2020-03-05T13:36:46","modified_gmt":"2020-03-05T12:36:46","slug":"privacy-policy","status":"publish","type":"page","link":"https:\/\/unirock.ch\/en\/privacy-policy\/","title":{"rendered":"Politique de confidentialit\u00e9"},"content":{"rendered":"<h4>DONN\u00c9ES PERSONNELLES COLLECT\u00c9ES<\/h4>\n<p>Plusieurs types de donn\u00e9es \u00e0 caract\u00e8re personnel sont collect\u00e9s sur le pr\u00e9sent site :<\/p>\n<ul>\n<li>Donn\u00e9es personnelles saisies et envoy\u00e9es via les formulaires<\/li>\n<li>Donn\u00e9es collect\u00e9es par l\u2019outil de mesure d\u2019audience Google Analytics<\/li>\n<\/ul>\n<h4 id=\"responsable\">RESPONSABLE DU TRAITEMENT DES DONN\u00c9ES PERSONNELLES<\/h4>\n<p>Les donn\u00e9es personnelles sont collect\u00e9es sur le site de la soci\u00e9t\u00e9 Unirock SA, dont le si\u00e8ge est :<br \/>Unirock SA<br \/>Im Grund 38<br \/>2502 Biel\/Bienne<br \/>SUISSE<\/p>\n<h4>FINALIT\u00c9 DE LA COLLECTE DES DONN\u00c9ES PERSONNELLES<\/h4>\n<p>La collecte des donn\u00e9es personnelles \u00e0 travers les diff\u00e9rents formulaires pr\u00e9sents sur le site a pour but de :<\/p>\n<ul>\n<li>Recontacter les personnes qui ont laiss\u00e9 leurs informations de contact<\/li>\n<li>Assurer un suivi commercial des personnes physiques ou morales int\u00e9ress\u00e9es par nos services.<\/li>\n<\/ul>\n<p>En soumettant le formulaire et en cochant la case \u00e0 cocher de consentement du formulaire, l\u2019internaute donne express\u00e9ment son accord pour que les donn\u00e9es \u00e0 caract\u00e8re personnel soient trait\u00e9es pour la finalit\u00e9 de gestion de la relation commerciale.<\/p>\n<p>La collecte des donn\u00e9es personnelles \u00e0 travers l\u2019outil de suivi d\u2019audience Google Analytics utilis\u00e9 sur le site a pour but de :<\/p>\n<ul>\n<li>Analyser le comportement des internautes sur le site afin de pouvoir mesurer son audience et am\u00e9liorer sa performance.<\/li>\n<\/ul>\n<p>Google Analytics utilise des cookies tiers afin de distinguer les utilisateurs. Les cookies sont des fichiers texte install\u00e9s sur le terminal des internautes. Ils ne contiennent aucune information nominative, uniquement des identifiants cr\u00e9\u00e9s de mani\u00e8re al\u00e9atoire.<br \/>En parcourant le site, l\u2019internaute donne express\u00e9ment son accord pour que les donn\u00e9es \u00e0 caract\u00e8re personnel collect\u00e9es par Google Analytics soient trait\u00e9es pour la finalit\u00e9 d\u2019analyse du comportement des internautes en vue de l\u2019am\u00e9lioration de la performance du site.<br \/>Donn\u00e9es personnelles collect\u00e9es : Cookies et donn\u00e9es d\u2019utilisation.<br \/>Lieu de traitement : \u00c9tats-Unis \u2013\u00a0<a href=\"https:\/\/www.google.com\/intl\/fr\/policies\/privacy\/\" target=\"_blank\" rel=\"noopener noreferrer\">Politique de confidentialit\u00e9<\/a>\u00a0\u2013\u00a0<a href=\"https:\/\/tools.google.com\/dlpage\/gaoptout?hl=fr\" target=\"_blank\" rel=\"noopener noreferrer\">Option de retrait<\/a><\/p>\n<h4>COOKIES ET DUR\u00c9E DE CONSERVATION<\/h4>\n<p>Les donn\u00e9es collect\u00e9es via les formulaires sont conserv\u00e9es pendant une dur\u00e9e d\u2019un an \u00e0 compter de l\u2019envoi du formulaire.<br \/>Les cookies utilis\u00e9s sur le site sont list\u00e9s ci-apr\u00e8s :<\/p>\n<table width=\"1367\">\n<tbody>\n<tr>\n<td width=\"70\"><strong>Nom<\/strong><\/td>\n<td width=\"120\"><strong>Dur\u00e9e<\/strong><\/td>\n<td><strong>Finalit\u00e9<\/strong><\/td>\n<\/tr>\n<tr>\n<td>_ga<\/td>\n<td>2 ans<\/td>\n<td>Enregistre un identifiant unique utilis\u00e9 pour g\u00e9n\u00e9rer des donn\u00e9es statistiques sur la fa\u00e7on dont le visiteur utilise le site<\/td>\n<\/tr>\n<tr>\n<td>_gid<\/td>\n<td>24 heures<\/td>\n<td>Enregistre un identifiant unique utilis\u00e9 pour g\u00e9n\u00e9rer des donn\u00e9es statistiques sur la fa\u00e7on dont le visiteur utilise le site<\/td>\n<\/tr>\n<tr>\n<td>_gat<\/td>\n<td>1 minute<\/td>\n<td>Utilis\u00e9 par Google Analytics pour diminuer radicalement le taux de requ\u00eates<\/td>\n<\/tr>\n<\/tbody>\n<\/table>\n<h4>CONFIDENTIALIT\u00c9 DES DONN\u00c9ES PERSONNELLES<\/h4>\n<p>Les donn\u00e9es personnelles vous concernant et collect\u00e9es par le site\u00a0<a href=\"https:\/\/www.unirock.ch\/\">https:\/\/www.unirock.ch<\/a>\u00a0sont uniquement destin\u00e9es \u00e0 la soci\u00e9t\u00e9 Unirock SA et seront uniquement exploit\u00e9es dans le cadre de la demande explicit\u00e9e via le formulaire.<br \/>En aucun cas, les donn\u00e9es personnelles saisies et envoy\u00e9es sur les formulaires ne seront transmises, lou\u00e9es ou commercialis\u00e9es \u00e0 des tiers.<\/p>\n<h4>LIEU DE STOCKAGE DES DONN\u00c9ES PERSONNELLES<\/h4>\n<p>Les serveurs d\u2019h\u00e9bergement du site sont exclusivement situ\u00e9s en Suisse.<\/p>\n<h4>S\u00c9CURIT\u00c9 DES DONN\u00c9ES PERSONNELLES<\/h4>\n<p>La totalit\u00e9 des pages sont en mode s\u00e9curis\u00e9 de type HTTPS. Il s\u2019agit d\u2019un protocole de s\u00e9curisation permettant de chiffrer le contenu des \u00e9changes entre le navigateur et les serveurs d\u2019h\u00e9bergement. Cela \u00e9vite que les donn\u00e9es personnelles saisies et envoy\u00e9es via les formulaires soient facilement lues par des tiers lors de leur transit.<\/p>\n<p>Cependant, aucune transmission ou stockage de donn\u00e9es personnelles n\u2019est jamais totalement s\u00e9curis\u00e9e. En cons\u00e9quence, nous ne pouvons pas garantir la s\u00e9curit\u00e9 infaillible de l\u2019information transmise ou stock\u00e9e sur les serveurs d\u2019h\u00e9bergement.<\/p>\n<h4>D\u00c9L\u00c9GU\u00c9 \u00c0 LA PROTECTION DES DONN\u00c9ES PERSONNELLES<\/h4>\n<p>Le directeur est le D\u00e9l\u00e9gu\u00e9 \u00e0 la Protection des Donn\u00e9es (DPD) de la soci\u00e9t\u00e9 Unirock SA. Il est notamment en charge d\u2019assurer la conformit\u00e9 des activit\u00e9s de l\u2019entreprise avec le nouveau cadre l\u00e9gal europ\u00e9en du RGPD et de coop\u00e9rer avec l\u2019autorit\u00e9 de contr\u00f4le.<br \/>Vous pouvez la contacter en utilisant le formulaire de contact ou par courrier au\u00a0<a href=\"#responsable\">responsable du traitement des donn\u00e9es personnelles<\/a>.<\/p>\n<h4>DROIT D\u2019ACC\u00c8S, DE RECTIFICATION OU DE SUPPRESSION DES DONN\u00c9ES PERSONNELLES<\/h4>\n<p>Conform\u00e9ment \u00e0 la loi Informatique et Libert\u00e9s du 6 janvier 1978 modifi\u00e9e, et le R\u00e8glement Europ\u00e9en G\u00e9n\u00e9ral sur la Protection des Donn\u00e9es 2016\/679 (RGPD), vous disposez des droits d\u2019acc\u00e8s, de rectification et de suppression des donn\u00e9es personnelles vous concernant que vous pouvez exercer en envoyant un courrier au\u00a0<a href=\"#responsable\">responsable du traitement des donn\u00e9es personnelles<\/a>.<\/p>\n","protected":false},"excerpt":{"rendered":"<p>DONN\u00c9ES PERSONNELLES COLLECT\u00c9ES Plusieurs types de donn\u00e9es \u00e0 caract\u00e8re personnel sont collect\u00e9s sur le pr\u00e9sent site : Donn\u00e9es personnelles saisies et envoy\u00e9es via les formulaires Donn\u00e9es collect\u00e9es par l\u2019outil de mesure d\u2019audience Google Analytics RESPONSABLE [&hellip;]<\/p>\n","protected":false},"author":1,"featured_media":0,"parent":0,"menu_order":0,"comment_status":"closed","ping_status":"closed","template":"","meta":{"footnotes":""},"_links":{"self":[{"href":"https:\/\/unirock.ch\/en\/wp-json\/wp\/v2\/pages\/3599"}],"collection":[{"href":"https:\/\/unirock.ch\/en\/wp-json\/wp\/v2\/pages"}],"about":[{"href":"https:\/\/unirock.ch\/en\/wp-json\/wp\/v2\/types\/page"}],"author":[{"embeddable":true,"href":"https:\/\/unirock.ch\/en\/wp-json\/wp\/v2\/users\/1"}],"replies":[{"embeddable":true,"href":"https:\/\/unirock.ch\/en\/wp-json\/wp\/v2\/comments?post=3599"}],"version-history":[{"count":2,"href":"https:\/\/unirock.ch\/en\/wp-json\/wp\/v2\/pages\/3599\/revisions"}],"predecessor-version":[{"id":3626,"href":"https:\/\/unirock.ch\/en\/wp-json\/wp\/v2\/pages\/3599\/revisions\/3626"}],"wp:attachment":[{"href":"https:\/\/unirock.ch\/en\/wp-json\/wp\/v2\/media?parent=3599"}],"curies":[{"name":"wp","href":"https:\/\/api.w.org\/{rel}","templated":true}]}}